{"id":9,"date":"2017-11-25T20:59:05","date_gmt":"2017-11-25T19:59:05","guid":{"rendered":"http:\/\/honesty.cz\/?page_id=9"},"modified":"2026-02-24T11:46:07","modified_gmt":"2026-02-24T10:46:07","slug":"contact","status":"publish","type":"page","link":"http:\/\/www.chatajestedka.cz\/index.php\/contact\/","title":{"rendered":"Kontakt"},"content":{"rendered":"\n<p>Provozovatel chaty:<\/p>\n\n\n\n<p><a href=\"https:\/\/adventure-liberec.cz\" data-type=\"URL\" data-id=\"https:\/\/adventure-liberec.cz\"><strong>Sport u Kapli\u010dky, a.s.<\/strong> <\/a>                                                         <\/p>\n\n\n\n<p>Pr\u016fmyslov\u00e1 566\/5, Praha 10 Male\u0161ice 108 00 <\/p>\n\n\n\n<p>I\u010c 087 70 671<\/p>\n\n\n<p><strong style=\"font-size: revert;\">Rezervace:<\/strong><\/p>\n<p><strong>+420 220 770 727<\/strong><\/p>\n<div class=\"textwidget\">\n<p>sales@chatajestedka.cz<\/p>\n<p><strong>www.chatajestedka.cz<\/strong><\/p>\n<\/div>\n\n\n<figure class=\"wp-block-image size-full\"><img loading=\"lazy\" width=\"289\" height=\"144\" src=\"http:\/\/www.chatajestedka.cz\/wp-content\/uploads\/2026\/02\/logo-2025.png\" alt=\"\" class=\"wp-image-879\"\/><\/figure>\n","protected":false},"excerpt":{"rendered":"<p>Provozovatel chaty: Sport u Kapli\u010dky, a.s. Pr\u016fmyslov\u00e1 566\/5, Praha 10 Male\u0161ice 108 00 I\u010c 087 70 671 Rezervace: +420 220 770 727 sales@chatajestedka.cz www.chatajestedka.cz<\/p>\n","protected":false},"author":1,"featured_media":742,"parent":0,"menu_order":0,"comment_status":"closed","ping_status":"closed","template":"","meta":[],"_links":{"self":[{"href":"http:\/\/www.chatajestedka.cz\/index.php\/wp-json\/wp\/v2\/pages\/9"}],"collection":[{"href":"http:\/\/www.chatajestedka.cz\/index.php\/wp-json\/wp\/v2\/pages"}],"about":[{"href":"http:\/\/www.chatajestedka.cz\/index.php\/wp-json\/wp\/v2\/types\/page"}],"author":[{"embeddable":true,"href":"http:\/\/www.chatajestedka.cz\/index.php\/wp-json\/wp\/v2\/users\/1"}],"replies":[{"embeddable":true,"href":"http:\/\/www.chatajestedka.cz\/index.php\/wp-json\/wp\/v2\/comments?post=9"}],"version-history":[{"count":25,"href":"http:\/\/www.chatajestedka.cz\/index.php\/wp-json\/wp\/v2\/pages\/9\/revisions"}],"predecessor-version":[{"id":889,"href":"http:\/\/www.chatajestedka.cz\/index.php\/wp-json\/wp\/v2\/pages\/9\/revisions\/889"}],"wp:featuredmedia":[{"embeddable":true,"href":"http:\/\/www.chatajestedka.cz\/index.php\/wp-json\/wp\/v2\/media\/742"}],"wp:attachment":[{"href":"http:\/\/www.chatajestedka.cz\/index.php\/wp-json\/wp\/v2\/media?parent=9"}],"curies":[{"name":"wp","href":"https:\/\/api.w.org\/{rel}","templated":true}]}}